{"id":37,"date":"2022-04-22T15:18:21","date_gmt":"2022-04-22T13:18:21","guid":{"rendered":"http:\/\/rideyourfuture.org\/?page_id=37"},"modified":"2025-08-14T11:43:21","modified_gmt":"2025-08-14T09:43:21","slug":"parcours-rider","status":"publish","type":"page","link":"https:\/\/rideyourfuture.org\/nl\/parcours-rider\/","title":{"rendered":"Parcours ride and light"},"content":{"rendered":"\t\t<div data-elementor-type=\"wp-page\" data-elementor-id=\"37\" class=\"elementor elementor-37\">\n\t\t\t\t\t\t<section class=\"elementor-section elementor-top-section elementor-element elementor-element-275ede0c elementor-section-height-full elementor-section-boxed elementor-section-height-default elementor-section-items-middle\" data-id=\"275ede0c\" data-element_type=\"section\" data-settings=\"{&quot;background_background&quot;:&quot;classic&quot;}\">\n\t\t\t\t\t\t\t<div class=\"elementor-background-overlay\"><\/div>\n\t\t\t\t\t\t\t<div class=\"elementor-container elementor-column-gap-default\">\n\t\t\t\t\t<div class=\"elementor-column elementor-col-100 elementor-top-column elementor-element elementor-element-2190be24\" data-id=\"2190be24\" data-element_type=\"column\">\n\t\t\t<div class=\"elementor-widget-wrap elementor-element-populated\">\n\t\t\t\t\t\t<div class=\"elementor-element elementor-element-1087cd8a elementor-widget elementor-widget-heading\" data-id=\"1087cd8a\" data-element_type=\"widget\" data-widget_type=\"heading.default\">\n\t\t\t\t<div class=\"elementor-widget-container\">\n\t\t\t\t\t<h1 class=\"elementor-heading-title elementor-size-default\">Parcours Ride and light<\/h1>\t\t\t\t<\/div>\n\t\t\t\t<\/div>\n\t\t\t\t<div class=\"elementor-element elementor-element-e8ee6f1 elementor-widget elementor-widget-heading\" data-id=\"e8ee6f1\" data-element_type=\"widget\" data-widget_type=\"heading.default\">\n\t\t\t\t<div class=\"elementor-widget-container\">\n\t\t\t\t\t<h1 class=\"elementor-heading-title elementor-size-medium\">Repoussez vos limites facilement !<\/h1>\t\t\t\t<\/div>\n\t\t\t\t<\/div>\n\t\t\t\t\t<\/div>\n\t\t<\/div>\n\t\t\t\t\t<\/div>\n\t\t<\/section>\n\t\t\t\t<section class=\"elementor-section elementor-top-section elementor-element elementor-element-e38f915 elementor-section-content-middle elementor-section-boxed elementor-section-height-default elementor-section-height-default\" data-id=\"e38f915\" data-element_type=\"section\" data-settings=\"{&quot;background_background&quot;:&quot;classic&quot;}\">\n\t\t\t\t\t\t<div class=\"elementor-container elementor-column-gap-no\">\n\t\t\t\t\t<div class=\"elementor-column elementor-col-50 elementor-top-column elementor-element elementor-element-5e61efd2\" data-id=\"5e61efd2\" data-element_type=\"column\">\n\t\t\t<div class=\"elementor-widget-wrap elementor-element-populated\">\n\t\t\t\t\t\t<div class=\"elementor-element elementor-element-69adf8b elementor-widget elementor-widget-heading\" data-id=\"69adf8b\" data-element_type=\"widget\" data-widget_type=\"heading.default\">\n\t\t\t\t<div class=\"elementor-widget-container\">\n\t\t\t\t\t<h2 class=\"elementor-heading-title elementor-size-default\">D\u00e9couvrez le Parcours Ride and Light<\/h2>\t\t\t\t<\/div>\n\t\t\t\t<\/div>\n\t\t\t\t<div class=\"elementor-element elementor-element-76eb0b98 elementor-widget elementor-widget-heading\" data-id=\"76eb0b98\" data-element_type=\"widget\" data-widget_type=\"heading.default\">\n\t\t\t\t<div class=\"elementor-widget-container\">\n\t\t\t\t\t<h4 class=\"elementor-heading-title elementor-size-default\">L\u2019animation v\u00e9lo qui attire tous les publics\n<\/h4>\t\t\t\t<\/div>\n\t\t\t\t<\/div>\n\t\t\t\t<div class=\"elementor-element elementor-element-344a710 elementor-widget elementor-widget-text-editor\" data-id=\"344a710\" data-element_type=\"widget\" data-widget_type=\"text-editor.default\">\n\t\t\t\t<div class=\"elementor-widget-container\">\n\t\t\t\t\t\t\t\t\t<p data-start=\"79\" data-end=\"386\">Offrez \u00e0 vos visiteurs une exp\u00e9rience de ride unique m\u00ealant fun et challenge. Avec ses bosses, ponts et bascules, Ride and Light teste l\u2019\u00e9quilibre, la stabilit\u00e9 et la ma\u00eetrise de la vitesse\u2026 le tout dans un cadre ludique et s\u00e9curis\u00e9.<\/p><p data-start=\"388\" data-end=\"681\">\u00c0 partir de <a href=\"http:\/\/rideyourfuture.org\/wp-content\/uploads\/2025\/05\/2025-Catalogue-Ride-Your-Future-FR-1.pdf\">93 \u20ac\/jour<\/a>, ce parcours est id\u00e9al pour animer vos \u00e9v\u00e9nements autour du v\u00e9lo. Modulable et mobile, il combine les \u00e9l\u00e9ments en bois du Velomaster et les bosses du Pumptrack Mobile pour s\u2019adapter \u00e0 tout type de site. Installation rapide, terrain plat de 200 m\u00b2 conseill\u00e9.<\/p><p data-start=\"683\" data-end=\"838\">Pour une formule cl\u00e9 en main : pr\u00eat de v\u00e9los et casques de qualit\u00e9, animateur et ambiance musicale.<br data-start=\"782\" data-end=\"785\" \/>Une journ\u00e9e inoubliable, pour petits et grands.<\/p>\t\t\t\t\t\t\t\t<\/div>\n\t\t\t\t<\/div>\n\t\t\t\t\t<\/div>\n\t\t<\/div>\n\t\t\t\t<div class=\"elementor-column elementor-col-50 elementor-top-column elementor-element elementor-element-a7788d\" data-id=\"a7788d\" data-element_type=\"column\">\n\t\t\t<div class=\"elementor-widget-wrap elementor-element-populated\">\n\t\t\t\t\t\t<div class=\"elementor-element elementor-element-39a7dfce elementor-widget elementor-widget-image\" data-id=\"39a7dfce\" data-element_type=\"widget\" data-widget_type=\"image.default\">\n\t\t\t\t<div class=\"elementor-widget-container\">\n\t\t\t\t\t\t\t\t\t\t\t\t\t\t\t<img decoding=\"async\" src=\"https:\/\/rideyourfuture.org\/wp-content\/uploads\/2025\/08\/WhatsApp-Image-2025-04-27-a-14.07.45_d0617520.webp\" title=\"WhatsApp Image 2025-04-27 a\u0300 14.07.45_d0617520\" alt=\"WhatsApp Image 2025-04-27 a\u0300 14.07.45_d0617520\" loading=\"lazy\" \/>\t\t\t\t\t\t\t\t\t\t\t\t\t\t\t<\/div>\n\t\t\t\t<\/div>\n\t\t\t\t\t<\/div>\n\t\t<\/div>\n\t\t\t\t\t<\/div>\n\t\t<\/section>\n\t\t\t\t<section class=\"elementor-section elementor-top-section elementor-element elementor-element-46ac267 elementor-section-boxed elementor-section-height-default elementor-section-height-default\" data-id=\"46ac267\" data-element_type=\"section\">\n\t\t\t\t\t\t<div class=\"elementor-container elementor-column-gap-default\">\n\t\t\t\t\t<div class=\"elementor-column elementor-col-50 elementor-top-column elementor-element elementor-element-ad2dd12\" data-id=\"ad2dd12\" data-element_type=\"column\">\n\t\t\t<div class=\"elementor-widget-wrap elementor-element-populated\">\n\t\t\t\t\t\t<div class=\"elementor-element elementor-element-4ab8e53 elementor-widget elementor-widget-image\" data-id=\"4ab8e53\" data-element_type=\"widget\" data-widget_type=\"image.default\">\n\t\t\t\t<div class=\"elementor-widget-container\">\n\t\t\t\t\t\t\t\t\t\t\t\t\t\t\t<img fetchpriority=\"high\" decoding=\"async\" width=\"768\" height=\"1024\" src=\"https:\/\/rideyourfuture.org\/wp-content\/uploads\/2025\/08\/WhatsApp-Image-2025-04-27-a-14.07.44_30760955-768x1024.webp\" class=\"attachment-large size-large wp-image-7473 not-transparent\" alt=\"\" srcset=\"https:\/\/rideyourfuture.org\/wp-content\/uploads\/2025\/08\/WhatsApp-Image-2025-04-27-a-14.07.44_30760955-768x1024.webp 768w, https:\/\/rideyourfuture.org\/wp-content\/uploads\/2025\/08\/WhatsApp-Image-2025-04-27-a-14.07.44_30760955-225x300.webp 225w, https:\/\/rideyourfuture.org\/wp-content\/uploads\/2025\/08\/WhatsApp-Image-2025-04-27-a-14.07.44_30760955-1152x1536.webp 1152w, https:\/\/rideyourfuture.org\/wp-content\/uploads\/2025\/08\/WhatsApp-Image-2025-04-27-a-14.07.44_30760955-9x12.webp 9w, https:\/\/rideyourfuture.org\/wp-content\/uploads\/2025\/08\/WhatsApp-Image-2025-04-27-a-14.07.44_30760955.webp 1536w\" sizes=\"(max-width: 768px) 100vw, 768px\" data-has-transparency=\"false\" data-dominant-color=\"7b7c7b\" style=\"--dominant-color: #7b7c7b\" \/>\t\t\t\t\t\t\t\t\t\t\t\t\t\t\t<\/div>\n\t\t\t\t<\/div>\n\t\t\t\t<div class=\"elementor-element elementor-element-bb43a53 elementor-widget elementor-widget-spacer\" data-id=\"bb43a53\" data-element_type=\"widget\" data-widget_type=\"spacer.default\">\n\t\t\t\t<div class=\"elementor-widget-container\">\n\t\t\t\t\t\t\t<div class=\"elementor-spacer\">\n\t\t\t<div class=\"elementor-spacer-inner\"><\/div>\n\t\t<\/div>\n\t\t\t\t\t\t<\/div>\n\t\t\t\t<\/div>\n\t\t\t\t\t<\/div>\n\t\t<\/div>\n\t\t\t\t<div class=\"elementor-column elementor-col-50 elementor-top-column elementor-element elementor-element-a2d0d1e\" data-id=\"a2d0d1e\" data-element_type=\"column\">\n\t\t\t<div class=\"elementor-widget-wrap elementor-element-populated\">\n\t\t\t\t\t\t<div class=\"elementor-element elementor-element-2c8800f elementor-widget elementor-widget-image\" data-id=\"2c8800f\" data-element_type=\"widget\" data-widget_type=\"image.default\">\n\t\t\t\t<div class=\"elementor-widget-container\">\n\t\t\t\t\t\t\t\t\t\t\t\t\t\t\t<img decoding=\"async\" width=\"1024\" height=\"1024\" src=\"https:\/\/rideyourfuture.org\/wp-content\/uploads\/2025\/08\/UYT0871-1024x1024.webp\" class=\"attachment-large size-large wp-image-7474 not-transparent\" alt=\"\" srcset=\"https:\/\/rideyourfuture.org\/wp-content\/uploads\/2025\/08\/UYT0871-1024x1024.webp 1024w, https:\/\/rideyourfuture.org\/wp-content\/uploads\/2025\/08\/UYT0871-300x300.webp 300w, https:\/\/rideyourfuture.org\/wp-content\/uploads\/2025\/08\/UYT0871-150x150.webp 150w, https:\/\/rideyourfuture.org\/wp-content\/uploads\/2025\/08\/UYT0871-768x768.webp 768w, https:\/\/rideyourfuture.org\/wp-content\/uploads\/2025\/08\/UYT0871-1536x1536.webp 1536w, https:\/\/rideyourfuture.org\/wp-content\/uploads\/2025\/08\/UYT0871-12x12.webp 12w, https:\/\/rideyourfuture.org\/wp-content\/uploads\/2025\/08\/UYT0871.webp 2000w\" sizes=\"(max-width: 1024px) 100vw, 1024px\" data-has-transparency=\"false\" data-dominant-color=\"838885\" style=\"--dominant-color: #838885\" \/>\t\t\t\t\t\t\t\t\t\t\t\t\t\t\t<\/div>\n\t\t\t\t<\/div>\n\t\t\t\t\t<\/div>\n\t\t<\/div>\n\t\t\t\t\t<\/div>\n\t\t<\/section>\n\t\t\t\t<section class=\"elementor-section elementor-top-section elementor-element elementor-element-05a4c7d elementor-section-boxed elementor-section-height-default elementor-section-height-default\" data-id=\"05a4c7d\" data-element_type=\"section\">\n\t\t\t\t\t\t<div class=\"elementor-container elementor-column-gap-default\">\n\t\t\t\t\t<div class=\"elementor-column elementor-col-100 elementor-top-column elementor-element elementor-element-8f51e26\" data-id=\"8f51e26\" data-element_type=\"column\">\n\t\t\t<div class=\"elementor-widget-wrap\">\n\t\t\t\t\t\t\t<\/div>\n\t\t<\/div>\n\t\t\t\t\t<\/div>\n\t\t<\/section>\n\t\t\t\t<section class=\"elementor-section elementor-top-section elementor-element elementor-element-748c6e5f elementor-section-boxed elementor-section-height-default elementor-section-height-default\" data-id=\"748c6e5f\" data-element_type=\"section\">\n\t\t\t\t\t\t<div class=\"elementor-container elementor-column-gap-default\">\n\t\t\t\t\t<div class=\"elementor-column elementor-col-100 elementor-top-column elementor-element elementor-element-782d75aa\" data-id=\"782d75aa\" data-element_type=\"column\">\n\t\t\t<div class=\"elementor-widget-wrap elementor-element-populated\">\n\t\t\t\t\t\t<div class=\"elementor-element elementor-element-62519e85 elementor-widget elementor-widget-text-editor\" data-id=\"62519e85\" data-element_type=\"widget\" data-widget_type=\"text-editor.default\">\n\t\t\t\t<div class=\"elementor-widget-container\">\n\t\t\t\t\t\t\t\t\t<p>Vous souhaitez r\u00e9server un de nos parcours ? Remplissez le formulaire ci-dessous, nous vous recontacterons au plus vite<\/p>\t\t\t\t\t\t\t\t<\/div>\n\t\t\t\t<\/div>\n\t\t\t\t\t<\/div>\n\t\t<\/div>\n\t\t\t\t\t<\/div>\n\t\t<\/section>\n\t\t\t\t<section class=\"elementor-section elementor-top-section elementor-element elementor-element-0b2b553 elementor-section-boxed elementor-section-height-default elementor-section-height-default\" data-id=\"0b2b553\" data-element_type=\"section\">\n\t\t\t\t\t\t<div class=\"elementor-container elementor-column-gap-default\">\n\t\t\t\t\t<div class=\"elementor-column elementor-col-100 elementor-top-column elementor-element elementor-element-60adbdf\" data-id=\"60adbdf\" data-element_type=\"column\">\n\t\t\t<div class=\"elementor-widget-wrap elementor-element-populated\">\n\t\t\t\t\t\t<div class=\"elementor-element elementor-element-fc22d31 elementor-widget elementor-widget-wpforms\" data-id=\"fc22d31\" data-element_type=\"widget\" data-widget_type=\"wpforms.default\">\n\t\t\t\t<div class=\"elementor-widget-container\">\n\t\t\t\t\t<div class=\"wpforms-container wpforms-container-full\" id=\"wpforms-608\"><form id=\"wpforms-form-608\" class=\"wpforms-validate wpforms-form wpforms-ajax-form\" data-formid=\"608\" method=\"post\" enctype=\"multipart\/form-data\" action=\"\/nl\/wp-json\/wp\/v2\/pages\/37\" data-token=\"1d949bbb40ecbc5a871dd80e533e9978\" data-token-time=\"1776208641\"><noscript class=\"wpforms-error-noscript\">Schakel JavaScript in je browser in om dit formulier in te vullen.<\/noscript><div class=\"wpforms-field-container\"><div id=\"wpforms-608-field_9-container\" class=\"wpforms-field wpforms-field-checkbox\" data-field-id=\"9\"><label class=\"wpforms-field-label\">Vous \u00eates  <span class=\"wpforms-required-label\">*<\/span><\/label><ul id=\"wpforms-608-field_9\" class=\"wpforms-field-required\" data-choice-limit=\"1\"><li class=\"choice-1 depth-1\"><input type=\"checkbox\" id=\"wpforms-608-field_9_1\" data-rule-check-limit=\"true\" name=\"wpforms[fields][9][]\" value=\"Un.e particulier.e\" required ><label class=\"wpforms-field-label-inline\" for=\"wpforms-608-field_9_1\">Un.e particulier.e<\/label><\/li><li class=\"choice-2 depth-1\"><input type=\"checkbox\" id=\"wpforms-608-field_9_2\" data-rule-check-limit=\"true\" name=\"wpforms[fields][9][]\" value=\"Un \u00e9cole \" required ><label class=\"wpforms-field-label-inline\" for=\"wpforms-608-field_9_2\">Un \u00e9cole<\/label><\/li><li class=\"choice-3 depth-1\"><input type=\"checkbox\" id=\"wpforms-608-field_9_3\" data-rule-check-limit=\"true\" name=\"wpforms[fields][9][]\" value=\"Une entreprise \" required ><label class=\"wpforms-field-label-inline\" for=\"wpforms-608-field_9_3\">Une entreprise<\/label><\/li><li class=\"choice-5 depth-1\"><input type=\"checkbox\" id=\"wpforms-608-field_9_5\" data-rule-check-limit=\"true\" name=\"wpforms[fields][9][]\" value=\"Une asbl \" required ><label class=\"wpforms-field-label-inline\" for=\"wpforms-608-field_9_5\">Une asbl<\/label><\/li><li class=\"choice-4 depth-1\"><input type=\"checkbox\" id=\"wpforms-608-field_9_4\" data-rule-check-limit=\"true\" name=\"wpforms[fields][9][]\" value=\"Autre \" required ><label class=\"wpforms-field-label-inline\" for=\"wpforms-608-field_9_4\">Autre<\/label><\/li><\/ul><\/div><div id=\"wpforms-608-field_3-container\" class=\"wpforms-field wpforms-field-name\" data-field-id=\"3\"><label class=\"wpforms-field-label\">Nom <span class=\"wpforms-required-label\">*<\/span><\/label><div class=\"wpforms-field-row wpforms-field-medium\"><div class=\"wpforms-field-row-block wpforms-first wpforms-one-half\"><input type=\"text\" id=\"wpforms-608-field_3\" class=\"wpforms-field-name-first wpforms-field-required\" name=\"wpforms[fields][3][first]\" required><label for=\"wpforms-608-field_3\" class=\"wpforms-field-sublabel after\">Voornaam<\/label><\/div><div class=\"wpforms-field-row-block wpforms-one-half\"><input type=\"text\" id=\"wpforms-608-field_3-last\" class=\"wpforms-field-name-last wpforms-field-required\" name=\"wpforms[fields][3][last]\" required><label for=\"wpforms-608-field_3-last\" class=\"wpforms-field-sublabel after\">Achternaam<\/label><\/div><\/div><\/div><div id=\"wpforms-608-field_4-container\" class=\"wpforms-field wpforms-field-email\" data-field-id=\"4\"><label class=\"wpforms-field-label\" for=\"wpforms-608-field_4\">E-mail <span class=\"wpforms-required-label\">*<\/span><\/label><input type=\"email\" id=\"wpforms-608-field_4\" class=\"wpforms-field-medium wpforms-field-required\" name=\"wpforms[fields][4]\" spellcheck=\"false\" required><\/div><div id=\"wpforms-608-field_7-container\" class=\"wpforms-field wpforms-field-textarea\" data-field-id=\"7\"><label class=\"wpforms-field-label\" for=\"wpforms-608-field_7\">D\u00e9crivez votre demande <span class=\"wpforms-required-label\">*<\/span><\/label><textarea id=\"wpforms-608-field_7\" class=\"wpforms-field-medium wpforms-field-required\" name=\"wpforms[fields][7]\" required><\/textarea><div class=\"wpforms-field-description\">Pr\u00e9cisez la p\u00e9riode souhait\u00e9e, le besoin ou non d'animateurs.trices, de pr\u00eat de mat\u00e9riel, et toute autre information suppl\u00e9mentaire qui pourrait nous \u00eatre utile. <\/div><\/div><\/div><!-- .wpforms-field-container --><div class=\"wpforms-submit-container\" ><input type=\"hidden\" name=\"wpforms[id]\" value=\"608\"><input type=\"hidden\" name=\"page_title\" value=\"\"><input type=\"hidden\" name=\"page_url\" value=\"https:\/\/rideyourfuture.org\/nl\/wp-json\/wp\/v2\/pages\/37\"><input type=\"hidden\" name=\"url_referer\" value=\"\"><button type=\"submit\" name=\"wpforms[submit]\" id=\"wpforms-submit-608\" class=\"wpforms-submit\" data-alt-text=\"Envoi...\" data-submit-text=\"Envoyer\" aria-live=\"assertive\" value=\"wpforms-submit\">Envoyer<\/button><img decoding=\"async\" src=\"https:\/\/rideyourfuture.org\/wp-content\/plugins\/wpforms\/assets\/images\/submit-spin.svg\" class=\"wpforms-submit-spinner\" style=\"display: none;\" width=\"26\" height=\"26\" alt=\"Aan het laden\"><\/div><\/form><\/div>  <!-- .wpforms-container -->\t\t\t\t<\/div>\n\t\t\t\t<\/div>\n\t\t\t\t\t<\/div>\n\t\t<\/div>\n\t\t\t\t\t<\/div>\n\t\t<\/section>\n\t\t\t\t<\/div>\n\t\t","protected":false},"excerpt":{"rendered":"<p>Parcours Ride and light Repoussez vos limites facilement ! D\u00e9couvrez le Parcours Ride and Light L\u2019animation v\u00e9lo qui attire tous les publics Offrez \u00e0 vos visiteurs une exp\u00e9rience de ride [&hellip;]<\/p>\n","protected":false},"author":1,"featured_media":0,"parent":0,"menu_order":0,"comment_status":"closed","ping_status":"closed","template":"","meta":{"site-sidebar-layout":"no-sidebar","site-content-layout":"page-builder","ast-site-content-layout":"default","site-content-style":"default","site-sidebar-style":"default","ast-global-header-display":"","ast-banner-title-visibility":"","ast-main-header-display":"","ast-hfb-above-header-display":"","ast-hfb-below-header-display":"","ast-hfb-mobile-header-display":"","site-post-title":"disabled","ast-breadcrumbs-content":"","ast-featured-img":"disabled","footer-sml-layout":"","theme-transparent-header-meta":"","adv-header-id-meta":"","stick-header-meta":"","header-above-stick-meta":"","header-main-stick-meta":"","header-below-stick-meta":"","astra-migrate-meta-layouts":"default","ast-page-background-enabled":"default","ast-page-background-meta":{"desktop":{"background-color":"var(--ast-global-color-4)","background-image":"","background-repeat":"repeat","background-position":"center center","background-size":"auto","background-attachment":"scroll","background-type":"","background-media":"","overlay-type":"","overlay-color":"","overlay-opacity":"","overlay-gradient":""},"tablet":{"background-color":"","background-image":"","background-repeat":"repeat","background-position":"center center","background-size":"auto","background-attachment":"scroll","background-type":"","background-media":"","overlay-type":"","overlay-color":"","overlay-opacity":"","overlay-gradient":""},"mobile":{"background-color":"","background-image":"","background-repeat":"repeat","background-position":"center center","background-size":"auto","background-attachment":"scroll","background-type":"","background-media":"","overlay-type":"","overlay-color":"","overlay-opacity":"","overlay-gradient":""}},"ast-content-background-meta":{"desktop":{"background-color":"var(--ast-global-color-5)","background-image":"","background-repeat":"repeat","background-position":"center center","background-size":"auto","background-attachment":"scroll","background-type":"","background-media":"","overlay-type":"","overlay-color":"","overlay-opacity":"","overlay-gradient":""},"tablet":{"background-color":"var(--ast-global-color-5)","background-image":"","background-repeat":"repeat","background-position":"center center","background-size":"auto","background-attachment":"scroll","background-type":"","background-media":"","overlay-type":"","overlay-color":"","overlay-opacity":"","overlay-gradient":""},"mobile":{"background-color":"var(--ast-global-color-5)","background-image":"","background-repeat":"repeat","background-position":"center center","background-size":"auto","background-attachment":"scroll","background-type":"","background-media":"","overlay-type":"","overlay-color":"","overlay-opacity":"","overlay-gradient":""}},"_price":"","_stock":"","_tribe_ticket_header":"","_tribe_default_ticket_provider":"","_tribe_ticket_capacity":"0","_ticket_start_date":"","_ticket_end_date":"","_tribe_ticket_show_description":"","_tribe_ticket_show_not_going":false,"_tribe_ticket_use_global_stock":"","_tribe_ticket_global_stock_level":"","_global_stock_mode":"","_global_stock_cap":"","_tribe_rsvp_for_event":"","_tribe_ticket_going_count":"","_tribe_ticket_not_going_count":"","_tribe_tickets_list":"[]","_tribe_ticket_has_attendee_info_fields":false,"_EventAllDay":false,"_EventTimezone":"","_EventStartDate":"","_EventEndDate":"","_EventStartDateUTC":"","_EventEndDateUTC":"","_EventShowMap":false,"_EventShowMapLink":false,"_EventURL":"","_EventCost":"","_EventCostDescription":"","_EventCurrencySymbol":"","_EventCurrencyCode":"","_EventCurrencyPosition":"","_EventDateTimeSeparator":"","_EventTimeRangeSeparator":"","_EventOrganizerID":[],"_EventVenueID":[],"_OrganizerEmail":"","_OrganizerPhone":"","_OrganizerWebsite":"","_VenueAddress":"","_VenueCity":"","_VenueCountry":"","_VenueProvince":"","_VenueState":"","_VenueZip":"","_VenuePhone":"","_VenueURL":"","_VenueStateProvince":"","_VenueLat":"","_VenueLng":"","_VenueShowMap":false,"_VenueShowMapLink":false,"footnotes":"","_tec_slr_enabled":"","_tec_slr_layout":""},"class_list":["post-37","page","type-page","status-publish","hentry"],"ticketed":false,"_links":{"self":[{"href":"https:\/\/rideyourfuture.org\/nl\/wp-json\/wp\/v2\/pages\/37","targetHints":{"allow":["GET"]}}],"collection":[{"href":"https:\/\/rideyourfuture.org\/nl\/wp-json\/wp\/v2\/pages"}],"about":[{"href":"https:\/\/rideyourfuture.org\/nl\/wp-json\/wp\/v2\/types\/page"}],"author":[{"embeddable":true,"href":"https:\/\/rideyourfuture.org\/nl\/wp-json\/wp\/v2\/users\/1"}],"replies":[{"embeddable":true,"href":"https:\/\/rideyourfuture.org\/nl\/wp-json\/wp\/v2\/comments?post=37"}],"version-history":[{"count":128,"href":"https:\/\/rideyourfuture.org\/nl\/wp-json\/wp\/v2\/pages\/37\/revisions"}],"predecessor-version":[{"id":7492,"href":"https:\/\/rideyourfuture.org\/nl\/wp-json\/wp\/v2\/pages\/37\/revisions\/7492"}],"wp:attachment":[{"href":"https:\/\/rideyourfuture.org\/nl\/wp-json\/wp\/v2\/media?parent=37"}],"curies":[{"name":"wp","href":"https:\/\/api.w.org\/{rel}","templated":true}]}}